{"id":331,"date":"2016-06-14T09:51:31","date_gmt":"2016-06-14T09:51:31","guid":{"rendered":"http:\/\/besassique.com\/?page_id=331"},"modified":"2021-05-16T16:45:39","modified_gmt":"2021-05-16T14:45:39","slug":"besassique-about","status":"publish","type":"page","link":"https:\/\/besassique.com\/en\/besassique-about\/","title":{"rendered":"About"},"content":{"rendered":"<h2 style=\"text-align: left;\">Hey Cutie,<\/h2>\n<h2><\/h2>\n<p style=\"text-align: center;\">ich bin <strong>Saskia<\/strong> und ich teile unter dem Namen <strong>Be Sassique<\/strong> auf meinem Blog, Instagram, TikTok, Pinterest und Youtube kreative Do it yourselfs, coole Lifehacks und leckere Rezepte mit dir.<\/p>\n<p style=\"text-align: center;\">Weil ich \u201eEinzigartigkeit\u201c f\u00fcr extrem wichtig halte, setzt sich <strong>\u201eBe Sassique\u201c auch aus \u201eSaskia\u201c und \u201eBe Unique\u201c (sei einzigartig)<\/strong> zusammen. Deswegen m\u00f6chte ich auch dir zeigen, dass du einzigartig, wundervoll und besonders bist - gemeinsam sind wir <strong>#teamunique.<\/strong><\/p>\n<p style=\"text-align: center;\">Im <strong><a href=\"https:\/\/besassique.com\/forum\/\">Forum<\/a><\/strong> hier auf dem Blog kannst du dich \u00fcbrigens auch mit anderen <strong>#teamunique Mitgliedern<\/strong> austauschen.<\/p>\n<p style=\"text-align: center;\">Schau dich gerne hier und auf meinen anderen Social Media Kan\u00e4len um und wenn es dir gef\u00e4llt, bist du jederzeit willkommen.<\/p>\n<p style=\"text-align: center;\"><strong>Psst!<\/strong> Wenn du noch mehr Inspiration suchst, schau dir unbedingt auch mein <strong>1. eigenes Buch \u201c100% Girlpower\u201d<\/strong> an, in dem ich 200 kreative Ideen f\u00fcrs ganze Jahr gesammelt habe.<\/p>\n<p style=\"text-align: center;\">Liebe Gr\u00fc\u00dfe<\/p>\n<p>&nbsp;<\/p>\n<p><noscript><img decoding=\"async\" class=\"size-medium wp-image-7440 aligncenter\" src=\"https:\/\/besassique.com\/wp-content\/uploads\/2021\/03\/circle-cropped-2-300x300.png\" alt width=\"300\" height=\"300\" srcset=\"https:\/\/besassique.com\/wp-content\/uploads\/2021\/03\/circle-cropped-2-300x300.png 300w, https:\/\/besassique.com\/wp-content\/uploads\/2021\/03\/circle-cropped-2-1024x1024.png 1024w, https:\/\/besassique.com\/wp-content\/uploads\/2021\/03\/circle-cropped-2-150x150.png 150w, https:\/\/besassique.com\/wp-content\/uploads\/2021\/03\/circle-cropped-2-768x768.png 768w, https:\/\/besassique.com\/wp-content\/uploads\/2021\/03\/circle-cropped-2-1536x1536.png 1536w, https:\/\/besassique.com\/wp-content\/uploads\/2021\/03\/circle-cropped-2-720x720.png 720w, https:\/\/besassique.com\/wp-content\/uploads\/2021\/03\/circle-cropped-2.png 1782w\" sizes=\"(max-width: 300px) 100vw, 300px\"><\/noscript><img decoding=\"async\" class=\"size-medium wp-image-7440 aligncenter lazyload\" src=\"data:image\/svg+xml,%3Csvg%20xmlns%3D%22http%3A%2F%2Fwww.w3.org%2F2000%2Fsvg%22%20viewBox%3D%220%200%20300%20300%22%3E%3C%2Fsvg%3E\" alt width=\"300\" height=\"300\" srcset=\"data:image\/svg+xml,%3Csvg%20xmlns%3D%22http%3A%2F%2Fwww.w3.org%2F2000%2Fsvg%22%20viewBox%3D%220%200%20300%20300%22%3E%3C%2Fsvg%3E 300w\" sizes=\"(max-width: 300px) 100vw, 300px\" data-srcset=\"https:\/\/besassique.com\/wp-content\/uploads\/2021\/03\/circle-cropped-2-300x300.png 300w, https:\/\/besassique.com\/wp-content\/uploads\/2021\/03\/circle-cropped-2-1024x1024.png 1024w, https:\/\/besassique.com\/wp-content\/uploads\/2021\/03\/circle-cropped-2-150x150.png 150w, https:\/\/besassique.com\/wp-content\/uploads\/2021\/03\/circle-cropped-2-768x768.png 768w, https:\/\/besassique.com\/wp-content\/uploads\/2021\/03\/circle-cropped-2-1536x1536.png 1536w, https:\/\/besassique.com\/wp-content\/uploads\/2021\/03\/circle-cropped-2-720x720.png 720w, https:\/\/besassique.com\/wp-content\/uploads\/2021\/03\/circle-cropped-2.png 1782w\" data-src=\"https:\/\/besassique.com\/wp-content\/uploads\/2021\/03\/circle-cropped-2-300x300.png\"><\/p>\n","protected":false},"excerpt":{"rendered":"<p>Hey Cutie, ich bin Saskia und ich teile unter dem Namen Be Sassique auf meinem Blog, Instagram, TikTok, Pinterest und Youtube kreative Do it yourselfs, coole Lifehacks und leckere Rezepte mit dir. Weil ich \u201eEinzigartigkeit\u201c f\u00fcr extrem wichtig halte, setzt sich \u201eBe Sassique\u201c auch aus \u201eSaskia\u201c und \u201eBe Unique\u201c (sei einzigartig) zusammen. Deswegen m\u00f6chte ich [&hellip;]<\/p>\n","protected":false},"author":1,"featured_media":402,"parent":0,"menu_order":0,"comment_status":"closed","ping_status":"closed","template":"","meta":[],"translation":{"provider":"WPGlobus","version":"2.12.2","language":"en","enabled_languages":["de","en"],"languages":{"de":{"title":true,"content":true,"excerpt":false},"en":{"title":true,"content":false,"excerpt":false}}},"acf":[],"yoast_head":"<!-- This site is optimized with the Yoast SEO plugin v20.12 - https:\/\/yoast.com\/wordpress\/plugins\/seo\/ -->\n<title>About - Be Sassique<\/title>\n<meta name=\"robots\" content=\"index, follow, max-snippet:-1, max-image-preview:large, max-video-preview:-1\" \/>\n<link rel=\"canonical\" href=\"https:\/\/besassique.com\/besassique-about\/\" \/>\n<meta property=\"og:locale\" content=\"en_US\" \/>\n<meta property=\"og:type\" content=\"article\" \/>\n<meta property=\"og:title\" content=\"About - Be Sassique\" \/>\n<meta property=\"og:url\" content=\"https:\/\/besassique.com\/besassique-about\/\" \/>\n<meta property=\"og:site_name\" content=\"Be Sassique\" \/>\n<meta property=\"article:publisher\" content=\"https:\/\/www.facebook.com\/besassique\" \/>\n<meta property=\"article:modified_time\" content=\"2021-05-16T14:45:39+00:00\" \/>\n<meta property=\"og:image\" content=\"https:\/\/besassique.com\/wp-content\/uploads\/2016\/06\/Test.png\" \/>\n\t<meta property=\"og:image:width\" content=\"911\" \/>\n\t<meta property=\"og:image:height\" content=\"929\" \/>\n\t<meta property=\"og:image:type\" content=\"image\/png\" \/>\n<meta name=\"twitter:card\" content=\"summary_large_image\" \/>\n<meta name=\"twitter:label1\" content=\"Est. reading time\" \/>\n\t<meta name=\"twitter:data1\" content=\"1 minute\" \/>\n<script type=\"application\/ld+json\" class=\"yoast-schema-graph\">{\"@context\":\"https:\/\/schema.org\",\"@graph\":[{\"@type\":\"WebPage\",\"@id\":\"https:\/\/besassique.com\/besassique-about\/\",\"url\":\"https:\/\/besassique.com\/besassique-about\/\",\"name\":\"About - Be Sassique\",\"isPartOf\":{\"@id\":\"https:\/\/besassique.com\/#website\"},\"datePublished\":\"2016-06-14T09:51:31+00:00\",\"dateModified\":\"2021-05-16T14:45:39+00:00\",\"description\":\"Erfahre mehr \u00fcber Be Sassique, deinen Modeblog, Beautyblog, Lifestyleblog und Reiseblog aus M\u00fcnchen, Deutschland und die Gr\u00fcnderin dahinter.\",\"breadcrumb\":{\"@id\":\"https:\/\/besassique.com\/besassique-about\/#breadcrumb\"},\"inLanguage\":\"en-US\",\"potentialAction\":[{\"@type\":\"ReadAction\",\"target\":[\"https:\/\/besassique.com\/besassique-about\/\"]}]},{\"@type\":\"BreadcrumbList\",\"@id\":\"https:\/\/besassique.com\/besassique-about\/#breadcrumb\",\"itemListElement\":[{\"@type\":\"ListItem\",\"position\":1,\"name\":\"Startseite\",\"item\":\"https:\/\/besassique.com\/\"},{\"@type\":\"ListItem\",\"position\":2,\"name\":\"\u00dcber mich\"}]},{\"@type\":\"WebSite\",\"@id\":\"https:\/\/besassique.com\/#website\",\"url\":\"https:\/\/besassique.com\/\",\"name\":\"Be Sassique\",\"description\":\"Be You. Be Unique. Be Sassique.\",\"publisher\":{\"@id\":\"https:\/\/besassique.com\/#organization\"},\"potentialAction\":[{\"@type\":\"SearchAction\",\"target\":{\"@type\":\"EntryPoint\",\"urlTemplate\":\"https:\/\/besassique.com\/?s={search_term_string}\"},\"query-input\":\"required name=search_term_string\"}],\"inLanguage\":\"en-US\"},{\"@type\":\"Organization\",\"@id\":\"https:\/\/besassique.com\/#organization\",\"name\":\"Be Sassique\",\"url\":\"https:\/\/besassique.com\/\",\"logo\":{\"@type\":\"ImageObject\",\"inLanguage\":\"en-US\",\"@id\":\"https:\/\/besassique.com\/#\/schema\/logo\/image\/\",\"url\":\"https:\/\/besassique.com\/wp-content\/uploads\/2017\/09\/Signet.png\",\"contentUrl\":\"https:\/\/besassique.com\/wp-content\/uploads\/2017\/09\/Signet.png\",\"width\":\"1440\",\"height\":\"900\",\"caption\":\"Be Sassique\"},\"image\":{\"@id\":\"https:\/\/besassique.com\/#\/schema\/logo\/image\/\"},\"sameAs\":[\"https:\/\/www.facebook.com\/besassique\"]}]}<\/script>\n<!-- \/ Yoast SEO plugin. -->","yoast_head_json":{"title":"About - Be Sassique","robots":{"index":"index","follow":"follow","max-snippet":"max-snippet:-1","max-image-preview":"max-image-preview:large","max-video-preview":"max-video-preview:-1"},"canonical":"https:\/\/besassique.com\/besassique-about\/","og_locale":"en_US","og_type":"article","og_title":"About - Be Sassique","og_url":"https:\/\/besassique.com\/besassique-about\/","og_site_name":"Be Sassique","article_publisher":"https:\/\/www.facebook.com\/besassique","article_modified_time":"2021-05-16T14:45:39+00:00","og_image":[{"width":911,"height":929,"url":"https:\/\/besassique.com\/wp-content\/uploads\/2016\/06\/Test.png","type":"image\/png"}],"twitter_card":"summary_large_image","twitter_misc":{"Est. reading time":"1 minute"},"schema":{"@context":"https:\/\/schema.org","@graph":[{"@type":"WebPage","@id":"https:\/\/besassique.com\/besassique-about\/","url":"https:\/\/besassique.com\/besassique-about\/","name":"About - Be Sassique","isPartOf":{"@id":"https:\/\/besassique.com\/#website"},"datePublished":"2016-06-14T09:51:31+00:00","dateModified":"2021-05-16T14:45:39+00:00","description":"Erfahre mehr \u00fcber Be Sassique, deinen Modeblog, Beautyblog, Lifestyleblog und Reiseblog aus M\u00fcnchen, Deutschland und die Gr\u00fcnderin dahinter.","breadcrumb":{"@id":"https:\/\/besassique.com\/besassique-about\/#breadcrumb"},"inLanguage":"en-US","potentialAction":[{"@type":"ReadAction","target":["https:\/\/besassique.com\/besassique-about\/"]}]},{"@type":"BreadcrumbList","@id":"https:\/\/besassique.com\/besassique-about\/#breadcrumb","itemListElement":[{"@type":"ListItem","position":1,"name":"Startseite","item":"https:\/\/besassique.com\/"},{"@type":"ListItem","position":2,"name":"\u00dcber mich"}]},{"@type":"WebSite","@id":"https:\/\/besassique.com\/#website","url":"https:\/\/besassique.com\/","name":"Be Sassique","description":"Be You. Be Unique. Be Sassique.","publisher":{"@id":"https:\/\/besassique.com\/#organization"},"potentialAction":[{"@type":"SearchAction","target":{"@type":"EntryPoint","urlTemplate":"https:\/\/besassique.com\/?s={search_term_string}"},"query-input":"required name=search_term_string"}],"inLanguage":"en-US"},{"@type":"Organization","@id":"https:\/\/besassique.com\/#organization","name":"Be Sassique","url":"https:\/\/besassique.com\/","logo":{"@type":"ImageObject","inLanguage":"en-US","@id":"https:\/\/besassique.com\/#\/schema\/logo\/image\/","url":"https:\/\/besassique.com\/wp-content\/uploads\/2017\/09\/Signet.png","contentUrl":"https:\/\/besassique.com\/wp-content\/uploads\/2017\/09\/Signet.png","width":"1440","height":"900","caption":"Be Sassique"},"image":{"@id":"https:\/\/besassique.com\/#\/schema\/logo\/image\/"},"sameAs":["https:\/\/www.facebook.com\/besassique"]}]}},"_links":{"self":[{"href":"https:\/\/besassique.com\/en\/wp-json\/wp\/v2\/pages\/331"}],"collection":[{"href":"https:\/\/besassique.com\/en\/wp-json\/wp\/v2\/pages"}],"about":[{"href":"https:\/\/besassique.com\/en\/wp-json\/wp\/v2\/types\/page"}],"author":[{"embeddable":true,"href":"https:\/\/besassique.com\/en\/wp-json\/wp\/v2\/users\/1"}],"replies":[{"embeddable":true,"href":"https:\/\/besassique.com\/en\/wp-json\/wp\/v2\/comments?post=331"}],"version-history":[{"count":45,"href":"https:\/\/besassique.com\/en\/wp-json\/wp\/v2\/pages\/331\/revisions"}],"predecessor-version":[{"id":8014,"href":"https:\/\/besassique.com\/en\/wp-json\/wp\/v2\/pages\/331\/revisions\/8014"}],"wp:featuredmedia":[{"embeddable":true,"href":"https:\/\/besassique.com\/en\/wp-json\/wp\/v2\/media\/402"}],"wp:attachment":[{"href":"https:\/\/besassique.com\/en\/wp-json\/wp\/v2\/media?parent=331"}],"curies":[{"name":"wp","href":"https:\/\/api.w.org\/{rel}","templated":true}]}}